{"id":1593,"date":"2024-08-09T13:08:16","date_gmt":"2024-08-09T13:08:16","guid":{"rendered":"https:\/\/montegordosandrace.pt\/coupe-du-monde\/"},"modified":"2026-04-16T14:04:56","modified_gmt":"2026-04-16T14:04:56","slug":"coupe-du-monde","status":"publish","type":"page","link":"https:\/\/montegordosandrace.pt\/fr\/coupe-du-monde\/","title":{"rendered":"Coupe du monde"},"content":{"rendered":"\t\t<div data-elementor-type=\"wp-page\" data-elementor-id=\"1593\" class=\"elementor elementor-1593 elementor-551\" data-elementor-post-type=\"page\">\n\t\t\t\t<div class=\"elementor-element elementor-element-8ac2196 e-flex e-con-boxed e-con e-parent\" data-id=\"8ac2196\" data-element_type=\"container\" data-e-type=\"container\" data-settings=\"{&quot;background_background&quot;:&quot;classic&quot;,&quot;jet_parallax_layout_list&quot;:[]}\">\n\t\t\t\t\t<div class=\"e-con-inner\">\n\t\t<div class=\"elementor-element elementor-element-ee7b0ce e-con-full e-flex e-con e-child\" data-id=\"ee7b0ce\" data-element_type=\"container\" data-e-type=\"container\" data-settings=\"{&quot;jet_parallax_layout_list&quot;:[]}\">\n\t\t\t\t<div class=\"elementor-element elementor-element-c38dfa9 elementor-widget elementor-widget-heading\" data-id=\"c38dfa9\" data-element_type=\"widget\" data-e-type=\"widget\" data-widget_type=\"heading.default\">\n\t\t\t\t<div class=\"elementor-widget-container\">\n\t\t\t\t\t<h2 class=\"elementor-heading-title elementor-size-default\">Coupe du monde de course sur sable - une comp\u00e9tition \u00e9pique<\/h2>\t\t\t\t<\/div>\n\t\t\t\t<\/div>\n\t\t\t\t<div class=\"elementor-element elementor-element-80033c8 elementor-widget elementor-widget-text-editor\" data-id=\"80033c8\" data-element_type=\"widget\" data-e-type=\"widget\" data-widget_type=\"text-editor.default\">\n\t\t\t\t<div class=\"elementor-widget-container\">\n\t\t\t\t\t\t\t\t\t<p>La Coupe du monde de course sur sable r\u00e9unit trois des \u00e9v\u00e9nements les plus difficiles et les plus embl\u00e9matiques de ce sport : l&rsquo;<strong>Enduro del Verano<\/strong> en Argentine, la <strong>course sur sable de Monte Gordo<\/strong> au Portugal et la l\u00e9gendaire <strong>Enduropale du Touquet<\/strong> en France. Les coureurs d&rsquo;\u00e9lite affrontent des sables impitoyables \u00e0 la poursuite du titre mondial. <\/p>\t\t\t\t\t\t\t\t<\/div>\n\t\t\t\t<\/div>\n\t\t\t\t<\/div>\n\t\t\t\t\t<\/div>\n\t\t\t\t<\/div>\n\t\t<div class=\"elementor-element elementor-element-0e6c934 e-flex e-con-boxed e-con e-parent\" data-id=\"0e6c934\" data-element_type=\"container\" data-e-type=\"container\" data-settings=\"{&quot;background_background&quot;:&quot;classic&quot;,&quot;jet_parallax_layout_list&quot;:[]}\">\n\t\t\t\t\t<div class=\"e-con-inner\">\n\t\t<div class=\"elementor-element elementor-element-1bc26d5 e-con-full e-flex e-con e-child\" data-id=\"1bc26d5\" data-element_type=\"container\" data-e-type=\"container\" data-settings=\"{&quot;jet_parallax_layout_list&quot;:[]}\">\n\t\t\t\t<div class=\"elementor-element elementor-element-941f2be elementor-invisible elementor-widget elementor-widget-heading\" data-id=\"941f2be\" data-element_type=\"widget\" data-e-type=\"widget\" data-settings=\"{&quot;_animation&quot;:&quot;fadeIn&quot;}\" data-widget_type=\"heading.default\">\n\t\t\t\t<div class=\"elementor-widget-container\">\n\t\t\t\t\t<h2 class=\"elementor-heading-title elementor-size-default\">Argentine<\/h2>\t\t\t\t<\/div>\n\t\t\t\t<\/div>\n\t\t\t\t<div class=\"elementor-element elementor-element-0b5aab0 elementor-widget elementor-widget-heading\" data-id=\"0b5aab0\" data-element_type=\"widget\" data-e-type=\"widget\" data-widget_type=\"heading.default\">\n\t\t\t\t<div class=\"elementor-widget-container\">\n\t\t\t\t\t<h2 class=\"elementor-heading-title elementor-size-default\">Enduro del Verano<\/h2>\t\t\t\t<\/div>\n\t\t\t\t<\/div>\n\t\t\t\t<div class=\"elementor-element elementor-element-00b3f23 elementor-widget elementor-widget-text-editor\" data-id=\"00b3f23\" data-element_type=\"widget\" data-e-type=\"widget\" data-widget_type=\"text-editor.default\">\n\t\t\t\t<div class=\"elementor-widget-container\">\n\t\t\t\t\t\t\t\t\t<p>O <span style=\"color: #ffff00;\"><a style=\"color: #ffff00;\" href=\"https:\/\/www.endurodelverano.com.ar\/media.html\" target=\"_blank\" rel=\"noopener\"><strong>Enduro del Verano<\/strong><\/a><\/span> est l&rsquo;un des \u00e9v\u00e9nements les plus prestigieux du calendrier mondial des courses sur sable. Organis\u00e9 dans les dunes de la ville de Villa Gesell en <strong>Argentine<\/strong>, cet \u00e9v\u00e9nement annuel attire des milliers de pilotes et de spectateurs du monde entier. Connu pour ses conditions extr\u00eames et ses paysages \u00e9poustouflants, l&rsquo;Enduro del Verano met les pilotes au d\u00e9fi de ma\u00eetriser les dunes avec habilet\u00e9 et endurance.  <\/p><p>Avec un circuit qui combine de longues lignes droites \u00e0 grande vitesse, des virages techniques et des mont\u00e9es et descentes dans les dunes, l&rsquo;<strong>Enduro del Verano est un v\u00e9ritable test d&rsquo;habilet\u00e9 et de d\u00e9termination<\/strong>. Cet \u00e9v\u00e9nement c\u00e9l\u00e8bre non seulement la passion de la moto, mais aussi la camaraderie et l&rsquo;esprit sportif, cr\u00e9ant ainsi une exp\u00e9rience unique pour tous les participants et les fans. <\/p>\t\t\t\t\t\t\t\t<\/div>\n\t\t\t\t<\/div>\n\t\t\t\t<\/div>\n\t\t<div class=\"elementor-element elementor-element-f468320 e-con-full e-flex e-con e-child\" data-id=\"f468320\" data-element_type=\"container\" data-e-type=\"container\" data-settings=\"{&quot;jet_parallax_layout_list&quot;:[]}\">\n\t\t\t\t<div class=\"elementor-element elementor-element-6a7b74e elementor-widget__width-inherit elementor-invisible elementor-widget elementor-widget-image\" data-id=\"6a7b74e\" data-element_type=\"widget\" data-e-type=\"widget\" data-settings=\"{&quot;_animation&quot;:&quot;fadeIn&quot;}\" data-widget_type=\"image.default\">\n\t\t\t\t<div class=\"elementor-widget-container\">\n\t\t\t\t\t\t\t\t\t\t\t\t\t\t\t<img fetchpriority=\"high\" decoding=\"async\" width=\"800\" height=\"457\" src=\"https:\/\/montegordosandrace.pt\/wp-content\/uploads\/2024\/08\/edv-lucas-bylo-fotografia-domingo-14-de-77.jpg\" class=\"attachment-large size-large wp-image-1387\" alt=\"\" \/>\t\t\t\t\t\t\t\t\t\t\t\t\t\t\t<\/div>\n\t\t\t\t<\/div>\n\t\t\t\t<\/div>\n\t\t\t\t\t<\/div>\n\t\t\t\t<\/div>\n\t\t<div class=\"elementor-element elementor-element-1503b3e e-flex e-con-boxed e-con e-parent\" data-id=\"1503b3e\" data-element_type=\"container\" data-e-type=\"container\" data-settings=\"{&quot;background_background&quot;:&quot;classic&quot;,&quot;jet_parallax_layout_list&quot;:[]}\">\n\t\t\t\t\t<div class=\"e-con-inner\">\n\t\t<div class=\"elementor-element elementor-element-60306ec e-con-full e-flex e-con e-child\" data-id=\"60306ec\" data-element_type=\"container\" data-e-type=\"container\" data-settings=\"{&quot;jet_parallax_layout_list&quot;:[]}\">\n\t\t\t\t<div class=\"elementor-element elementor-element-e5a2725 elementor-widget__width-inherit elementor-invisible elementor-widget elementor-widget-image\" data-id=\"e5a2725\" data-element_type=\"widget\" data-e-type=\"widget\" data-settings=\"{&quot;_animation&quot;:&quot;fadeIn&quot;}\" data-widget_type=\"image.default\">\n\t\t\t\t<div class=\"elementor-widget-container\">\n\t\t\t\t\t\t\t\t\t\t\t\t\t\t\t<img decoding=\"async\" width=\"800\" height=\"600\" data-src=\"https:\/\/montegordosandrace.pt\/wp-content\/uploads\/2024\/07\/2023_1118_MGSE-Corridas-2-00001-1-1024x768.jpg\" class=\"attachment-large size-large wp-image-1261 lazyload\" alt=\"\" data-srcset=\"https:\/\/montegordosandrace.pt\/wp-content\/uploads\/2024\/07\/2023_1118_MGSE-Corridas-2-00001-1-1024x768.jpg 1024w, https:\/\/montegordosandrace.pt\/wp-content\/uploads\/2024\/07\/2023_1118_MGSE-Corridas-2-00001-1-300x225.jpg 300w, https:\/\/montegordosandrace.pt\/wp-content\/uploads\/2024\/07\/2023_1118_MGSE-Corridas-2-00001-1-768x576.jpg 768w, https:\/\/montegordosandrace.pt\/wp-content\/uploads\/2024\/07\/2023_1118_MGSE-Corridas-2-00001-1-1536x1152.jpg 1536w, https:\/\/montegordosandrace.pt\/wp-content\/uploads\/2024\/07\/2023_1118_MGSE-Corridas-2-00001-1-2048x1536.jpg 2048w\" data-sizes=\"(max-width: 800px) 100vw, 800px\" src=\"data:image\/svg+xml;base64,PHN2ZyB3aWR0aD0iMSIgaGVpZ2h0PSIxIiB4bWxucz0iaHR0cDovL3d3dy53My5vcmcvMjAwMC9zdmciPjwvc3ZnPg==\" style=\"--smush-placeholder-width: 800px; --smush-placeholder-aspect-ratio: 800\/600;\" \/>\t\t\t\t\t\t\t\t\t\t\t\t\t\t\t<\/div>\n\t\t\t\t<\/div>\n\t\t\t\t<\/div>\n\t\t<div class=\"elementor-element elementor-element-41a09dc e-con-full e-flex e-con e-child\" data-id=\"41a09dc\" data-element_type=\"container\" data-e-type=\"container\" data-settings=\"{&quot;jet_parallax_layout_list&quot;:[]}\">\n\t\t\t\t<div class=\"elementor-element elementor-element-ee1d5d3 elementor-invisible elementor-widget elementor-widget-heading\" data-id=\"ee1d5d3\" data-element_type=\"widget\" data-e-type=\"widget\" data-settings=\"{&quot;_animation&quot;:&quot;fadeIn&quot;}\" data-widget_type=\"heading.default\">\n\t\t\t\t<div class=\"elementor-widget-container\">\n\t\t\t\t\t<h2 class=\"elementor-heading-title elementor-size-default\">algarve, portugal<\/h2>\t\t\t\t<\/div>\n\t\t\t\t<\/div>\n\t\t\t\t<div class=\"elementor-element elementor-element-2f86ff4 elementor-widget elementor-widget-heading\" data-id=\"2f86ff4\" data-element_type=\"widget\" data-e-type=\"widget\" data-widget_type=\"heading.default\">\n\t\t\t\t<div class=\"elementor-widget-container\">\n\t\t\t\t\t<h2 class=\"elementor-heading-title elementor-size-default\">course de sable monte gordo<\/h2>\t\t\t\t<\/div>\n\t\t\t\t<\/div>\n\t\t\t\t<div class=\"elementor-element elementor-element-8e63c09 elementor-widget elementor-widget-text-editor\" data-id=\"8e63c09\" data-element_type=\"widget\" data-e-type=\"widget\" data-widget_type=\"text-editor.default\">\n\t\t\t\t<div class=\"elementor-widget-container\">\n\t\t\t\t\t\t\t\t\t<p>O <span style=\"color: #ffff00;\"><strong>La course de sable de Monte Gordo<\/strong><\/span> est l&rsquo;un des temps forts de la Coupe du monde de course sur sable. Elle apporte le frisson et le d\u00e9fi des courses de motos et de quads sur la magnifique plage de sable de Monte Gordo, dans l&rsquo;Algarve, au Portugal. Cet \u00e9v\u00e9nement attire les meilleurs pilotes du monde, qui concourent dans diff\u00e9rentes cat\u00e9gories de motos et de quads. <\/p><p>Le circuit de Monte Gordo est connu pour ses exigences techniques, combinant la douceur du sable avec le besoin d&rsquo;habilet\u00e9 et d&rsquo;endurance. Les conditions de piste, combin\u00e9es au cadre paradisiaque de la c\u00f4te de l&rsquo;Algarve, font de cet \u00e9v\u00e9nement une exp\u00e9rience incontournable pour les pilotes comme pour les spectateurs. La course de sable de Monte Gordo est plus qu&rsquo;une comp\u00e9tition, c&rsquo;est une c\u00e9l\u00e9bration du sport automobile, offrant un spectacle d&rsquo;adr\u00e9naline et de vitesse pour tous les amoureux des deux roues.  <\/p>\t\t\t\t\t\t\t\t<\/div>\n\t\t\t\t<\/div>\n\t\t\t\t<div class=\"elementor-element elementor-element-7c4a39e elementor-widget elementor-widget-button\" data-id=\"7c4a39e\" data-element_type=\"widget\" data-e-type=\"widget\" data-widget_type=\"button.default\">\n\t\t\t\t<div class=\"elementor-widget-container\">\n\t\t\t\t\t\t\t\t\t<div class=\"elementor-button-wrapper\">\n\t\t\t\t\t<a class=\"elementor-button elementor-button-link elementor-size-sm elementor-animation-shrink\" href=\"https:\/\/montegordosandrace.pt\/fr\/monte-gordo\/\">\n\t\t\t\t\t\t<span class=\"elementor-button-content-wrapper\">\n\t\t\t\t\t\t\t\t\t<span class=\"elementor-button-text\">Conna\u00eetre le Monte Gordo<\/span>\n\t\t\t\t\t<\/span>\n\t\t\t\t\t<\/a>\n\t\t\t\t<\/div>\n\t\t\t\t\t\t\t\t<\/div>\n\t\t\t\t<\/div>\n\t\t\t\t<\/div>\n\t\t\t\t\t<\/div>\n\t\t\t\t<\/div>\n\t\t<div class=\"elementor-element elementor-element-69b4bf3 e-flex e-con-boxed e-con e-parent\" data-id=\"69b4bf3\" data-element_type=\"container\" data-e-type=\"container\" data-settings=\"{&quot;background_background&quot;:&quot;classic&quot;,&quot;jet_parallax_layout_list&quot;:[]}\">\n\t\t\t\t\t<div class=\"e-con-inner\">\n\t\t<div class=\"elementor-element elementor-element-0871814 e-con-full e-flex e-con e-child\" data-id=\"0871814\" data-element_type=\"container\" data-e-type=\"container\" data-settings=\"{&quot;jet_parallax_layout_list&quot;:[]}\">\n\t\t\t\t<div class=\"elementor-element elementor-element-b03505a elementor-invisible elementor-widget elementor-widget-heading\" data-id=\"b03505a\" data-element_type=\"widget\" data-e-type=\"widget\" data-settings=\"{&quot;_animation&quot;:&quot;fadeIn&quot;}\" data-widget_type=\"heading.default\">\n\t\t\t\t<div class=\"elementor-widget-container\">\n\t\t\t\t\t<h2 class=\"elementor-heading-title elementor-size-default\">France<\/h2>\t\t\t\t<\/div>\n\t\t\t\t<\/div>\n\t\t\t\t<div class=\"elementor-element elementor-element-b349dc1 elementor-widget elementor-widget-heading\" data-id=\"b349dc1\" data-element_type=\"widget\" data-e-type=\"widget\" data-widget_type=\"heading.default\">\n\t\t\t\t<div class=\"elementor-widget-container\">\n\t\t\t\t\t<h2 class=\"elementor-heading-title elementor-size-default\">Enduropale du Touquet<\/h2>\t\t\t\t<\/div>\n\t\t\t\t<\/div>\n\t\t\t\t<div class=\"elementor-element elementor-element-d933a5b elementor-widget elementor-widget-text-editor\" data-id=\"d933a5b\" data-element_type=\"widget\" data-e-type=\"widget\" data-widget_type=\"text-editor.default\">\n\t\t\t\t<div class=\"elementor-widget-container\">\n\t\t\t\t\t\t\t\t\t<p>O <span style=\"color: #ffff00;\"><a style=\"color: #ffff00;\" href=\"https:\/\/www.enduropaledutouquet.fr\/\" target=\"_blank\" rel=\"noopener\"><strong>Enduropale du Touquet<\/strong><\/a><\/span> est l&rsquo;une des \u00e9preuves les plus prestigieuses de la Coupe du monde de course sur sable, qui se d\u00e9roule sur les plages du nord de la France. R\u00e9put\u00e9e pour son extr\u00eame difficult\u00e9, la course attire les meilleurs pilotes de motos et de quads, qui affrontent des kilom\u00e8tres de sable meuble et des conditions difficiles, faisant de cet \u00e9v\u00e9nement un v\u00e9ritable test de comp\u00e9tence et d&rsquo;endurance. <\/p><p>Avec un parcours qui s&rsquo;\u00e9tend sur des kilom\u00e8tres de plage de sable, l&rsquo;Enduropale du Touquet met \u00e0 l&rsquo;\u00e9preuve l&rsquo;habilet\u00e9, l&rsquo;endurance et le courage des participants, qui doivent ma\u00eetriser les conditions difficiles du sable meuble, des obstacles naturels et des rigueurs de l&rsquo;hiver.<\/p>\t\t\t\t\t\t\t\t<\/div>\n\t\t\t\t<\/div>\n\t\t\t\t<\/div>\n\t\t<div class=\"elementor-element elementor-element-efc5eb0 e-con-full e-flex e-con e-child\" data-id=\"efc5eb0\" data-element_type=\"container\" data-e-type=\"container\" data-settings=\"{&quot;jet_parallax_layout_list&quot;:[]}\">\n\t\t\t\t<div class=\"elementor-element elementor-element-863f4d6 elementor-widget__width-inherit elementor-invisible elementor-widget elementor-widget-image\" data-id=\"863f4d6\" data-element_type=\"widget\" data-e-type=\"widget\" data-settings=\"{&quot;_animation&quot;:&quot;fadeIn&quot;}\" data-widget_type=\"image.default\">\n\t\t\t\t<div class=\"elementor-widget-container\">\n\t\t\t\t\t\t\t\t\t\t\t\t\t\t\t<img decoding=\"async\" width=\"800\" height=\"800\" data-src=\"https:\/\/montegordosandrace.pt\/wp-content\/uploads\/2024\/08\/Enduropale-du-Touquet.jpg\" class=\"attachment-large size-large wp-image-1389 lazyload\" alt=\"\" src=\"data:image\/svg+xml;base64,PHN2ZyB3aWR0aD0iMSIgaGVpZ2h0PSIxIiB4bWxucz0iaHR0cDovL3d3dy53My5vcmcvMjAwMC9zdmciPjwvc3ZnPg==\" style=\"--smush-placeholder-width: 800px; --smush-placeholder-aspect-ratio: 800\/800;\" \/>\t\t\t\t\t\t\t\t\t\t\t\t\t\t\t<\/div>\n\t\t\t\t<\/div>\n\t\t\t\t<\/div>\n\t\t\t\t\t<\/div>\n\t\t\t\t<\/div>\n\t\t\t\t<\/div>\n\t\t","protected":false},"excerpt":{"rendered":"<p>Coupe du monde de course sur sable &#8211; une comp\u00e9tition \u00e9pique La Coupe du monde de course sur sable r\u00e9unit trois des \u00e9v\u00e9nements les plus difficiles et les plus embl\u00e9matiques de ce sport : l&rsquo;Enduro del Verano en Argentine, la course sur sable de Monte Gordo au Portugal et la l\u00e9gendaire Enduropale du Touquet en [&hellip;]<\/p>\n","protected":false},"author":1,"featured_media":0,"parent":0,"menu_order":0,"comment_status":"open","ping_status":"closed","template":"elementor_header_footer","meta":{"footnotes":""},"class_list":["post-1593","page","type-page","status-publish","hentry"],"_links":{"self":[{"href":"https:\/\/montegordosandrace.pt\/fr\/wp-json\/wp\/v2\/pages\/1593","targetHints":{"allow":["GET"]}}],"collection":[{"href":"https:\/\/montegordosandrace.pt\/fr\/wp-json\/wp\/v2\/pages"}],"about":[{"href":"https:\/\/montegordosandrace.pt\/fr\/wp-json\/wp\/v2\/types\/page"}],"author":[{"embeddable":true,"href":"https:\/\/montegordosandrace.pt\/fr\/wp-json\/wp\/v2\/users\/1"}],"replies":[{"embeddable":true,"href":"https:\/\/montegordosandrace.pt\/fr\/wp-json\/wp\/v2\/comments?post=1593"}],"version-history":[{"count":3,"href":"https:\/\/montegordosandrace.pt\/fr\/wp-json\/wp\/v2\/pages\/1593\/revisions"}],"predecessor-version":[{"id":2370,"href":"https:\/\/montegordosandrace.pt\/fr\/wp-json\/wp\/v2\/pages\/1593\/revisions\/2370"}],"wp:attachment":[{"href":"https:\/\/montegordosandrace.pt\/fr\/wp-json\/wp\/v2\/media?parent=1593"}],"curies":[{"name":"wp","href":"https:\/\/api.w.org\/{rel}","templated":true}]}}